{"id":60,"date":"2025-07-22T04:13:24","date_gmt":"2025-07-22T04:13:24","guid":{"rendered":"https:\/\/efinancedailynews.com\/about\/"},"modified":"2025-08-03T22:37:51","modified_gmt":"2025-08-03T14:37:51","slug":"about","status":"publish","type":"page","link":"https:\/\/efinancedailynews.com\/vi\/about\/","title":{"rendered":"About"},"content":{"rendered":"<h1>V\u1ec1 Ch\u00fang T\u00f4i<\/h1>\n<p>\t\t\t\t\t\t\t\t\t\t\t\t\t\t\t<img decoding=\"async\" width=\"1024\" height=\"683\" data-src=\"https:\/\/efinancedailynews.com\/wp-content\/uploads\/2025\/08\/high-skyscrapers-near-timesquare-at-night-in-manha-2024-09-21-07-44-07-utc-1024x683.jpg\" alt=\"\" data-srcset=\"https:\/\/efinancedailynews.com\/wp-content\/uploads\/2025\/08\/high-skyscrapers-near-timesquare-at-night-in-manha-2024-09-21-07-44-07-utc-1024x683.jpg 1024w, https:\/\/efinancedailynews.com\/wp-content\/uploads\/2025\/08\/high-skyscrapers-near-timesquare-at-night-in-manha-2024-09-21-07-44-07-utc-300x200.jpg 300w, https:\/\/efinancedailynews.com\/wp-content\/uploads\/2025\/08\/high-skyscrapers-near-timesquare-at-night-in-manha-2024-09-21-07-44-07-utc-768x512.jpg 768w, https:\/\/efinancedailynews.com\/wp-content\/uploads\/2025\/08\/high-skyscrapers-near-timesquare-at-night-in-manha-2024-09-21-07-44-07-utc-1536x1024.jpg 1536w, https:\/\/efinancedailynews.com\/wp-content\/uploads\/2025\/08\/high-skyscrapers-near-timesquare-at-night-in-manha-2024-09-21-07-44-07-utc-2048x1365.jpg 2048w\" data-sizes=\"auto, (max-width: 1024px) 100vw, 1024px\" src=\"data:image\/svg+xml;base64,PHN2ZyB3aWR0aD0iMSIgaGVpZ2h0PSIxIiB4bWxucz0iaHR0cDovL3d3dy53My5vcmcvMjAwMC9zdmciPjwvc3ZnPg==\" class=\"lazyload\" style=\"--smush-placeholder-width: 1024px; --smush-placeholder-aspect-ratio: 1024\/683;\" \/><br \/>\n\t\t\t\t\t\t\t\t\t\t\t\t\t\t\t<img decoding=\"async\" width=\"1024\" height=\"683\" data-src=\"https:\/\/efinancedailynews.com\/wp-content\/uploads\/2025\/08\/team-work-of-businesspeople-standing-at-workspace-2025-02-12-03-14-36-utc-1024x683.jpg\" alt=\"\" data-srcset=\"https:\/\/efinancedailynews.com\/wp-content\/uploads\/2025\/08\/team-work-of-businesspeople-standing-at-workspace-2025-02-12-03-14-36-utc-1024x683.jpg 1024w, https:\/\/efinancedailynews.com\/wp-content\/uploads\/2025\/08\/team-work-of-businesspeople-standing-at-workspace-2025-02-12-03-14-36-utc-300x200.jpg 300w, https:\/\/efinancedailynews.com\/wp-content\/uploads\/2025\/08\/team-work-of-businesspeople-standing-at-workspace-2025-02-12-03-14-36-utc-768x512.jpg 768w, https:\/\/efinancedailynews.com\/wp-content\/uploads\/2025\/08\/team-work-of-businesspeople-standing-at-workspace-2025-02-12-03-14-36-utc-1536x1024.jpg 1536w, https:\/\/efinancedailynews.com\/wp-content\/uploads\/2025\/08\/team-work-of-businesspeople-standing-at-workspace-2025-02-12-03-14-36-utc-2048x1365.jpg 2048w\" data-sizes=\"auto, (max-width: 1024px) 100vw, 1024px\" src=\"data:image\/svg+xml;base64,PHN2ZyB3aWR0aD0iMSIgaGVpZ2h0PSIxIiB4bWxucz0iaHR0cDovL3d3dy53My5vcmcvMjAwMC9zdmciPjwvc3ZnPg==\" class=\"lazyload\" style=\"--smush-placeholder-width: 1024px; --smush-placeholder-aspect-ratio: 1024\/683;\" \/>\t\t\t\t\t\t\t\t\t\t\t\t\t\t\t<\/p>\n<p>eFinanceDailyNews.com l\u00e0 ngu\u1ed3n th\u00f4ng tin t\u00e0i ch\u00ednh to\u00e0n c\u1ea7u \u0111\u00e1ng tin c\u1eady, cung c\u1ea5p nh\u1eefng b\u1ea3n tin c\u1eadp nh\u1eadt, ph\u00e2n t\u00edch s\u00e2u s\u1eafc v\u00e0 d\u1ec5 ti\u1ebfp c\u1eadn v\u1ec1 c\u00e1c th\u1ecb tr\u01b0\u1eddng t\u00e0i ch\u00ednh \u0111a d\u1ea1ng nh\u01b0 c\u1ed5 phi\u1ebfu, ngo\u1ea1i h\u1ed1i (Forex), CFD v\u00e0 ti\u1ec1n m\u00e3 h\u00f3a (Crypto). Ch\u00fang t\u00f4i \u0111\u1ed3ng h\u00e0nh c\u00f9ng nh\u00e0 \u0111\u1ea7u t\u01b0, trader v\u00e0 chuy\u00ean gia t\u00e0i ch\u00ednh, gi\u00fap h\u1ecd \u0111\u01b0a ra quy\u1ebft \u0111\u1ecbnh ch\u00ednh x\u00e1c trong m\u00f4i tr\u01b0\u1eddng th\u1ecb tr\u01b0\u1eddng bi\u1ebfn \u0111\u1ed9ng nhanh ch\u00f3ng hi\u1ec7n nay.<\/p>\n<p>Th\u1ecb tr\u01b0\u1eddng t\u00e0i ch\u00ednh ng\u00e0y nay ch\u1ecbu t\u00e1c \u0111\u1ed9ng m\u1ea1nh m\u1ebd t\u1eeb c\u00e1c bi\u1ebfn \u0111\u1ed9ng ch\u00ednh tr\u1ecb v\u00e0 kinh t\u1ebf to\u00e0n c\u1ea7u. V\u00ec v\u1eady, ch\u00fang t\u00f4i t\u1eadp trung cung c\u1ea5p nh\u1eefng ph\u00e2n t\u00edch ch\u00ednh x\u00e1c v\u1ec1 b\u1ed1i c\u1ea3nh ch\u00ednh tr\u1ecb v\u00e0 kinh t\u1ebf v\u0129 m\u00f4 tr\u00ean to\u00e0n th\u1ebf gi\u1edbi \u2014 t\u1eeb ch\u00ednh s\u00e1ch ng\u00e2n h\u00e0ng trung \u01b0\u01a1ng, c\u00e1c th\u1ecfa thu\u1eadn th\u01b0\u01a1ng m\u1ea1i qu\u1ed1c t\u1ebf \u0111\u1ebfn r\u1ee7i ro \u0111\u1ecba ch\u00ednh tr\u1ecb v\u00e0 thay \u0111\u1ed5i ch\u00ednh s\u00e1ch t\u00e0i kh\u00f3a. Qua \u0111\u00f3, gi\u00fap \u0111\u1ed9c gi\u1ea3 n\u1eafm b\u1eaft \u0111\u01b0\u1ee3c b\u1ee9c tranh t\u1ed5ng th\u1ec3 \u0111\u1ec3 \u0111\u01b0a ra chi\u1ebfn l\u01b0\u1ee3c \u0111\u1ea7u t\u01b0 h\u1ee3p l\u00fd v\u00e0 k\u1ecbp th\u1eddi.<\/p>\n<p>Song song \u0111\u00f3, eFinanceDailyNews.com lu\u00f4n ch\u00fa tr\u1ecdng \u0111\u1ebfn c\u00e1c xu h\u01b0\u1edbng c\u00f4ng ngh\u1ec7 ti\u00ean ti\u1ebfn trong ng\u00e0nh t\u00e0i ch\u00ednh. Ch\u00fang t\u00f4i c\u1eadp nh\u1eadt c\u00e1c ti\u1ebfn b\u1ed9 v\u1ec1 thu\u1eadt to\u00e1n giao d\u1ecbch, tr\u00ed tu\u1ec7 nh\u00e2n t\u1ea1o (AI), c\u00f4ng ngh\u1ec7 blockchain v\u00e0 qu\u1ea3n l\u00fd t\u00e0i s\u1ea3n k\u1ef9 thu\u1eadt s\u1ed1. M\u1ee5c ti\u00eau c\u1ee7a ch\u00fang t\u00f4i l\u00e0 chuy\u1ec3n t\u1ea3i nh\u1eefng ki\u1ebfn th\u1ee9c t\u00e0i ch\u00ednh ph\u1ee9c t\u1ea1p m\u1ed9t c\u00e1ch d\u1ec5 hi\u1ec3u, th\u1ef1c ti\u1ec5n, gi\u00fap \u0111\u1ed9c gi\u1ea3 \u00e1p d\u1ee5ng hi\u1ec7u qu\u1ea3 v\u00e0o c\u00f4ng vi\u1ec7c v\u00e0 chi\u1ebfn l\u01b0\u1ee3c \u0111\u1ea7u t\u01b0.<\/p>\n<p>\u0110i\u1ec3m m\u1ea1nh c\u1ee7a ch\u00fang t\u00f4i c\u00f2n n\u1eb1m \u1edf m\u1ea1ng l\u01b0\u1edbi c\u1ed9ng t\u00e1c vi\u00ean to\u00e0n c\u1ea7u \u2014 bao g\u1ed3m c\u00e1c chuy\u00ean gia t\u00e0i ch\u00ednh, nh\u00e0 ph\u00e2n t\u00edch th\u1ecb tr\u01b0\u1eddng, nh\u00e0 \u0111\u1ed5i m\u1edbi c\u00f4ng ngh\u1ec7 FinTech v\u00e0 c\u00e1c nh\u00e0 ho\u1ea1ch \u0111\u1ecbnh chi\u1ebfn l\u01b0\u1ee3c kinh t\u1ebf. Qua nh\u1eefng b\u00e0i vi\u1ebft \u0111\u00f3ng g\u00f3p chuy\u00ean s\u00e2u, \u0111a chi\u1ec1u, ch\u00fang t\u00f4i mang \u0111\u1ebfn cho \u0111\u1ed9c gi\u1ea3 c\u00e1i nh\u00ecn to\u00e0n c\u1ea3nh v\u1ec1 nh\u1eefng bi\u1ebfn \u0111\u1ed9ng, c\u01a1 h\u1ed9i v\u00e0 th\u00e1ch th\u1ee9c c\u1ee7a n\u1ec1n t\u00e0i ch\u00ednh to\u00e0n c\u1ea7u.<\/p>\n<p>Ngo\u00e0i c\u00e1c n\u1ed9i dung chuy\u00ean m\u00f4n, eFinanceDailyNews.com c\u00f2n l\u00e0 n\u1ec1n t\u1ea3ng \u0111\u0103ng t\u1ea3i th\u00f4ng c\u00e1o b\u00e1o ch\u00ed v\u00e0 b\u00e0i vi\u1ebft ch\u00ednh th\u1ee9c d\u00e0nh cho c\u00e1c t\u1ed5 ch\u1ee9c t\u00e0i ch\u00ednh, doanh nghi\u1ec7p ni\u00eam y\u1ebft v\u00e0 c\u00f4ng ty FinTech. D\u00f9 l\u00e0 th\u00f4ng b\u00e1o s\u1ea3n ph\u1ea9m m\u1edbi, k\u1ebft qu\u1ea3 kinh doanh, h\u1ee3p t\u00e1c chi\u1ebfn l\u01b0\u1ee3c hay c\u00e1c s\u1ef1 ki\u1ec7n quan tr\u1ecdng \u2014 ch\u00fang t\u00f4i gi\u00fap b\u1ea1n truy\u1ec1n t\u1ea3i th\u00f4ng tin m\u1ed9t c\u00e1ch chuy\u00ean nghi\u1ec7p \u0111\u1ebfn \u0111\u00fang \u0111\u1ed1i t\u01b0\u1ee3ng \u0111\u1ed9c gi\u1ea3 g\u1ed3m nh\u00e0 \u0111\u1ea7u t\u01b0, chuy\u00ean gia ph\u00e2n t\u00edch, b\u00e1o ch\u00ed v\u00e0 c\u00e1c b\u00ean li\u00ean quan trong ng\u00e0nh t\u00e0i ch\u00ednh.<\/p>\n<p>Ch\u00fang t\u00f4i tr\u00e2n tr\u1ecdng m\u1eddi c\u00e1c doanh nghi\u1ec7p v\u00e0 c\u00e1 nh\u00e2n g\u1eedi b\u00e0i vi\u1ebft, th\u00f4ng c\u00e1o b\u00e1o ch\u00ed \u0111\u1ec3 x\u00e2y d\u1ef1ng th\u01b0\u01a1ng hi\u1ec7u, n\u00e2ng cao uy t\u00edn v\u00e0 m\u1edf r\u1ed9ng ph\u1ea1m vi \u1ea3nh h\u01b0\u1edfng tr\u00ean th\u1ecb tr\u01b0\u1eddng t\u00e0i ch\u00ednh to\u00e0n c\u1ea7u.<\/p>\n<p>H\u00e3y \u0111\u1ec3 eFinanceDailyNews.com l\u00e0 k\u00eanh truy\u1ec1n th\u00f4ng tin c\u1eady gi\u00fap ti\u1ebfng n\u00f3i c\u1ee7a b\u1ea1n \u0111\u01b0\u1ee3c l\u1eafng nghe v\u00e0 ghi nh\u1eadn.<br \/>T\u1ea1i eFinanceDailyNews.com, ch\u00fang t\u00f4i kh\u00f4ng ch\u1ec9 cung c\u1ea5p th\u00f4ng tin \u2014<br \/>m\u00e0 c\u00f2n k\u1ebft n\u1ed1i ki\u1ebfn th\u1ee9c v\u1edbi h\u00e0nh \u0111\u1ed9ng, th\u00f4ng tin v\u1edbi chi\u1ebfn l\u01b0\u1ee3c v\u00e0 g\u00f3c nh\u00ecn v\u1edbi th\u00e0nh c\u00f4ng.<br \/>H\u00e3y c\u00f9ng ch\u00fang t\u00f4i ki\u1ebfn t\u1ea1o t\u01b0\u01a1ng lai t\u00e0i ch\u00ednh b\u1ec1n v\u1eefng v\u00e0 th\u1ecbnh v\u01b0\u1ee3ng.<\/p>\n","protected":false},"excerpt":{"rendered":"<p>V\u1ec1 Ch\u00fang T\u00f4i eFinanceDailyNews.com l\u00e0 ngu\u1ed3n th\u00f4ng tin t\u00e0i ch\u00ednh to\u00e0n c\u1ea7u \u0111\u00e1ng tin c\u1eady, cung c\u1ea5p nh\u1eefng b\u1ea3n tin c\u1eadp nh\u1eadt, ph\u00e2n t\u00edch s\u00e2u s\u1eafc v\u00e0 d\u1ec5 ti\u1ebfp c\u1eadn v\u1ec1 c\u00e1c th\u1ecb tr\u01b0\u1eddng t\u00e0i ch\u00ednh \u0111a d\u1ea1ng nh\u01b0 c\u1ed5 phi\u1ebfu, ngo\u1ea1i h\u1ed1i (Forex), CFD v\u00e0 ti\u1ec1n m\u00e3 h\u00f3a (Crypto). Ch\u00fang t\u00f4i \u0111\u1ed3ng h\u00e0nh c\u00f9ng [&hellip;]<\/p>\n","protected":false},"author":1,"featured_media":0,"parent":0,"menu_order":0,"comment_status":"closed","ping_status":"closed","template":"","meta":{"footnotes":""},"class_list":["post-60","page","type-page","status-publish","hentry"],"translation":{"provider":"WPGlobus","version":"3.0.0","language":"vi","enabled_languages":["en","de","ja","vi","ms"],"languages":{"en":{"title":true,"content":true,"excerpt":false},"de":{"title":true,"content":true,"excerpt":false},"ja":{"title":false,"content":true,"excerpt":false},"vi":{"title":false,"content":true,"excerpt":false},"ms":{"title":false,"content":true,"excerpt":false}}},"rttpg_featured_image_url":null,"rttpg_author":{"display_name":"tranhuynhmy@proton.me","author_link":"https:\/\/efinancedailynews.com\/vi\/author\/tranhuynhmyproton-me\/"},"rttpg_comment":0,"rttpg_category":null,"rttpg_excerpt":"V\u1ec1 Ch\u00fang T\u00f4i eFinanceDailyNews.com l\u00e0 ngu\u1ed3n th\u00f4ng tin t\u00e0i ch\u00ednh to\u00e0n c\u1ea7u \u0111\u00e1ng tin c\u1eady, cung c\u1ea5p nh\u1eefng b\u1ea3n tin c\u1eadp nh\u1eadt, ph\u00e2n t\u00edch s\u00e2u s\u1eafc v\u00e0 d\u1ec5 ti\u1ebfp c\u1eadn v\u1ec1 c\u00e1c th\u1ecb tr\u01b0\u1eddng t\u00e0i ch\u00ednh \u0111a d\u1ea1ng nh\u01b0 c\u1ed5 phi\u1ebfu, ngo\u1ea1i h\u1ed1i (Forex), CFD v\u00e0 ti\u1ec1n m\u00e3 h\u00f3a (Crypto). Ch\u00fang t\u00f4i \u0111\u1ed3ng h\u00e0nh c\u00f9ng&hellip;","_links":{"self":[{"href":"https:\/\/efinancedailynews.com\/vi\/wp-json\/wp\/v2\/pages\/60","targetHints":{"allow":["GET"]}}],"collection":[{"href":"https:\/\/efinancedailynews.com\/vi\/wp-json\/wp\/v2\/pages"}],"about":[{"href":"https:\/\/efinancedailynews.com\/vi\/wp-json\/wp\/v2\/types\/page"}],"author":[{"embeddable":true,"href":"https:\/\/efinancedailynews.com\/vi\/wp-json\/wp\/v2\/users\/1"}],"replies":[{"embeddable":true,"href":"https:\/\/efinancedailynews.com\/vi\/wp-json\/wp\/v2\/comments?post=60"}],"version-history":[{"count":126,"href":"https:\/\/efinancedailynews.com\/vi\/wp-json\/wp\/v2\/pages\/60\/revisions"}],"predecessor-version":[{"id":1957,"href":"https:\/\/efinancedailynews.com\/vi\/wp-json\/wp\/v2\/pages\/60\/revisions\/1957"}],"wp:attachment":[{"href":"https:\/\/efinancedailynews.com\/vi\/wp-json\/wp\/v2\/media?parent=60"}],"curies":[{"name":"wp","href":"https:\/\/api.w.org\/{rel}","templated":true}]}}