{"id":60,"date":"2025-07-22T04:13:24","date_gmt":"2025-07-22T04:13:24","guid":{"rendered":"https:\/\/efinancedailynews.com\/about\/"},"modified":"2025-08-03T22:37:51","modified_gmt":"2025-08-03T14:37:51","slug":"about","status":"publish","type":"page","link":"https:\/\/efinancedailynews.com\/de\/about\/","title":{"rendered":"About"},"content":{"rendered":"<h1>\u00dcber uns<\/h1>\n<p>\t\t\t\t\t\t\t\t\t\t\t\t\t\t\t<img decoding=\"async\" width=\"1024\" height=\"683\" data-src=\"https:\/\/efinancedailynews.com\/wp-content\/uploads\/2025\/08\/high-skyscrapers-near-timesquare-at-night-in-manha-2024-09-21-07-44-07-utc-1024x683.jpg\" alt=\"\" data-srcset=\"https:\/\/efinancedailynews.com\/wp-content\/uploads\/2025\/08\/high-skyscrapers-near-timesquare-at-night-in-manha-2024-09-21-07-44-07-utc-1024x683.jpg 1024w, https:\/\/efinancedailynews.com\/wp-content\/uploads\/2025\/08\/high-skyscrapers-near-timesquare-at-night-in-manha-2024-09-21-07-44-07-utc-300x200.jpg 300w, https:\/\/efinancedailynews.com\/wp-content\/uploads\/2025\/08\/high-skyscrapers-near-timesquare-at-night-in-manha-2024-09-21-07-44-07-utc-768x512.jpg 768w, https:\/\/efinancedailynews.com\/wp-content\/uploads\/2025\/08\/high-skyscrapers-near-timesquare-at-night-in-manha-2024-09-21-07-44-07-utc-1536x1024.jpg 1536w, https:\/\/efinancedailynews.com\/wp-content\/uploads\/2025\/08\/high-skyscrapers-near-timesquare-at-night-in-manha-2024-09-21-07-44-07-utc-2048x1365.jpg 2048w\" data-sizes=\"auto, (max-width: 1024px) 100vw, 1024px\" src=\"data:image\/svg+xml;base64,PHN2ZyB3aWR0aD0iMSIgaGVpZ2h0PSIxIiB4bWxucz0iaHR0cDovL3d3dy53My5vcmcvMjAwMC9zdmciPjwvc3ZnPg==\" class=\"lazyload\" style=\"--smush-placeholder-width: 1024px; --smush-placeholder-aspect-ratio: 1024\/683;\" \/><br \/>\n\t\t\t\t\t\t\t\t\t\t\t\t\t\t\t<img decoding=\"async\" width=\"1024\" height=\"683\" data-src=\"https:\/\/efinancedailynews.com\/wp-content\/uploads\/2025\/08\/team-work-of-businesspeople-standing-at-workspace-2025-02-12-03-14-36-utc-1024x683.jpg\" alt=\"\" data-srcset=\"https:\/\/efinancedailynews.com\/wp-content\/uploads\/2025\/08\/team-work-of-businesspeople-standing-at-workspace-2025-02-12-03-14-36-utc-1024x683.jpg 1024w, https:\/\/efinancedailynews.com\/wp-content\/uploads\/2025\/08\/team-work-of-businesspeople-standing-at-workspace-2025-02-12-03-14-36-utc-300x200.jpg 300w, https:\/\/efinancedailynews.com\/wp-content\/uploads\/2025\/08\/team-work-of-businesspeople-standing-at-workspace-2025-02-12-03-14-36-utc-768x512.jpg 768w, https:\/\/efinancedailynews.com\/wp-content\/uploads\/2025\/08\/team-work-of-businesspeople-standing-at-workspace-2025-02-12-03-14-36-utc-1536x1024.jpg 1536w, https:\/\/efinancedailynews.com\/wp-content\/uploads\/2025\/08\/team-work-of-businesspeople-standing-at-workspace-2025-02-12-03-14-36-utc-2048x1365.jpg 2048w\" data-sizes=\"auto, (max-width: 1024px) 100vw, 1024px\" src=\"data:image\/svg+xml;base64,PHN2ZyB3aWR0aD0iMSIgaGVpZ2h0PSIxIiB4bWxucz0iaHR0cDovL3d3dy53My5vcmcvMjAwMC9zdmciPjwvc3ZnPg==\" class=\"lazyload\" style=\"--smush-placeholder-width: 1024px; --smush-placeholder-aspect-ratio: 1024\/683;\" \/>\t\t\t\t\t\t\t\t\t\t\t\t\t\t\t<\/p>\n<p>eFinanceDailyNews.com ist Ihre zuverl\u00e4ssige, internationale Anlaufstelle f\u00fcr fundierte, aktuelle und leicht verst\u00e4ndliche Finanzinformationen. Unsere Plattform deckt ein breites Spektrum an M\u00e4rkten und Finanzinstrumenten ab \u2013 darunter Aktien, Devisen (Forex), CFDs und Kryptow\u00e4hrungen \u2013 und bietet pr\u00e4zise Analysen sowie praxisnahe Marktupdates f\u00fcr Investoren, Trader und Finanzentscheider weltweit.<\/p>\n<p>In einer zunehmend globalisierten Welt sind wirtschaftliche Entwicklungen und politische Entscheidungen eng miteinander verkn\u00fcpft. Daher liefern wir tiefgehende Berichte und Analysen zur weltweiten politischen und makro\u00f6konomischen Lage \u2013 von Zentralbankpolitik \u00fcber geopolitische Spannungen bis hin zu Fiskalma\u00dfnahmen \u2013 um Ihnen die notwendigen Einblicke in das gro\u00dfe Ganze zu geben. Unsere Inhalte helfen Ihnen, Markttrends im globalen Kontext richtig einzuordnen und strategisch zu handeln.<\/p>\n<p>Ein weiterer Fokus liegt auf der technologischen Entwicklung in der Finanzwelt. Wir berichten \u00fcber Innovationen wie algorithmisches Trading, KI-gest\u00fctzte Analysen, Blockchain-Infrastruktur und digitale Verm\u00f6gensverwaltung. Unser Ziel: komplexe Finanzthemen verst\u00e4ndlich aufbereiten und unseren Leserinnen und Lesern praxisnahe Inhalte bieten, die Wissen in Handlungsf\u00e4higkeit \u00fcbersetzen. Wir machen Finanzwissen zug\u00e4nglich \u2013 ohne dabei an Tiefe zu verlieren.<\/p>\n<p>Besonders hervorzuheben ist unser globales Netzwerk aus Fachexperten \u2013 renommierte Marktanalysten, Wirtschaftswissenschaftler, FinTech-Vordenker und Branchenstrategen, die regelm\u00e4\u00dfig Beitr\u00e4ge zu aktuellen Themen liefern. Ihre Perspektiven erm\u00f6glichen es uns, globale Finanzentwicklungen aus verschiedenen Blickwinkeln zu beleuchten und unseren Lesern strategische Orientierung zu bieten.<br \/>Dar\u00fcber hinaus ist eFinanceDailyNews.com eine spezialisierte Plattform f\u00fcr Pressemitteilungen von Finanzinstituten, b\u00f6rsennotierten Unternehmen, FinTechs und Kommunikationsagenturen. Ob Produktank\u00fcndigung, Quartalsergebnisse, Unternehmensfusion oder Marktkommentar \u2013 wir bieten Ihnen den richtigen Kanal, um gezielt eine fachkundige Leserschaft aus Anlegern, Analysten, Medienvertretern und Branchenakteuren zu erreichen.<\/p>\n<p>Wir laden Unternehmen und Experten herzlich ein, ihre Pressemitteilungen oder Fachbeitr\u00e4ge bei uns zu ver\u00f6ffentlichen, um ihre Marke zu st\u00e4rken, Sichtbarkeit aufzubauen und Vertrauen innerhalb der Finanz-Community zu gewinnen.<\/p>\n","protected":false},"excerpt":{"rendered":"<p>\u00dcber uns eFinanceDailyNews.com ist Ihre zuverl\u00e4ssige, internationale Anlaufstelle f\u00fcr fundierte, aktuelle und leicht verst\u00e4ndliche Finanzinformationen. Unsere Plattform deckt ein breites Spektrum an M\u00e4rkten und Finanzinstrumenten ab \u2013 darunter Aktien, Devisen (Forex), CFDs und Kryptow\u00e4hrungen \u2013 und bietet pr\u00e4zise Analysen sowie praxisnahe Marktupdates f\u00fcr Investoren, Trader und Finanzentscheider weltweit. In einer zunehmend globalisierten Welt sind wirtschaftliche [&hellip;]<\/p>\n","protected":false},"author":1,"featured_media":0,"parent":0,"menu_order":0,"comment_status":"closed","ping_status":"closed","template":"","meta":{"footnotes":""},"class_list":["post-60","page","type-page","status-publish","hentry"],"translation":{"provider":"WPGlobus","version":"3.0.0","language":"de","enabled_languages":["en","de","ja","vi","ms"],"languages":{"en":{"title":true,"content":true,"excerpt":false},"de":{"title":true,"content":true,"excerpt":false},"ja":{"title":false,"content":true,"excerpt":false},"vi":{"title":false,"content":true,"excerpt":false},"ms":{"title":false,"content":true,"excerpt":false}}},"rttpg_featured_image_url":null,"rttpg_author":{"display_name":"tranhuynhmy@proton.me","author_link":"https:\/\/efinancedailynews.com\/de\/author\/tranhuynhmyproton-me\/"},"rttpg_comment":0,"rttpg_category":null,"rttpg_excerpt":"\u00dcber uns eFinanceDailyNews.com ist Ihre zuverl\u00e4ssige, internationale Anlaufstelle f\u00fcr fundierte, aktuelle und leicht verst\u00e4ndliche Finanzinformationen. Unsere Plattform deckt ein breites Spektrum an M\u00e4rkten und Finanzinstrumenten ab \u2013 darunter Aktien, Devisen (Forex), CFDs und Kryptow\u00e4hrungen \u2013 und bietet pr\u00e4zise Analysen sowie praxisnahe Marktupdates f\u00fcr Investoren, Trader und Finanzentscheider weltweit. In einer zunehmend globalisierten Welt sind wirtschaftliche&hellip;","_links":{"self":[{"href":"https:\/\/efinancedailynews.com\/de\/wp-json\/wp\/v2\/pages\/60","targetHints":{"allow":["GET"]}}],"collection":[{"href":"https:\/\/efinancedailynews.com\/de\/wp-json\/wp\/v2\/pages"}],"about":[{"href":"https:\/\/efinancedailynews.com\/de\/wp-json\/wp\/v2\/types\/page"}],"author":[{"embeddable":true,"href":"https:\/\/efinancedailynews.com\/de\/wp-json\/wp\/v2\/users\/1"}],"replies":[{"embeddable":true,"href":"https:\/\/efinancedailynews.com\/de\/wp-json\/wp\/v2\/comments?post=60"}],"version-history":[{"count":126,"href":"https:\/\/efinancedailynews.com\/de\/wp-json\/wp\/v2\/pages\/60\/revisions"}],"predecessor-version":[{"id":1957,"href":"https:\/\/efinancedailynews.com\/de\/wp-json\/wp\/v2\/pages\/60\/revisions\/1957"}],"wp:attachment":[{"href":"https:\/\/efinancedailynews.com\/de\/wp-json\/wp\/v2\/media?parent=60"}],"curies":[{"name":"wp","href":"https:\/\/api.w.org\/{rel}","templated":true}]}}